{"id":19653,"date":"2018-12-10T22:04:30","date_gmt":"2018-12-10T21:04:30","guid":{"rendered":"https:\/\/stadtmuseum-radolfzell.de\/page-daccueil\/"},"modified":"2026-04-14T14:19:48","modified_gmt":"2026-04-14T12:19:48","slug":"page-daccueil","status":"publish","type":"page","link":"https:\/\/stadtmuseum-radolfzell.de\/fr\/","title":{"rendered":"Page d&rsquo;accueil"},"content":{"rendered":"<p>&nbsp;<\/p>\n<p><strong>Exposition permanente<\/strong><\/p>\n<p>D\u00e9couvrez l&rsquo;<a href=\"https:\/\/www.radolfzell.de\/eu\/Buerger-Stadt\/Stadtinfos\/Chronik-der-Radolfzeller-Stadtgeschichte\/9-bis-15-Jahrhundert\/page16051.htm\" target=\"_blank\" rel=\"noopener noreferrer\">histoire vivante de Radolfzell<\/a> dans l&rsquo;ancienne pharmacie de la ville ! Le b\u00e2timent historique datant de 1689 se trouve \u00e0 proximit\u00e9 imm\u00e9diate de la gare de Radolfzell. L&rsquo;officine de l&rsquo;\u00e9poque Biedermeier, le laboratoire et d&rsquo;autres locaux de pharmacie bien conserv\u00e9s t\u00e9moignent de l&rsquo;ancienne fonction de la maison. Sur quatre \u00e9tages, des \u00eelots th\u00e9matiques modernes avec du mat\u00e9riel historique donnent un aper\u00e7u de l&rsquo;histoire riche en \u00e9v\u00e9nements de Radolfzell. Des expositions temporaires renouvel\u00e9es chaque ann\u00e9e traitent de l&rsquo;histoire r\u00e9gionale dans le contexte de th\u00e8mes actuels. Vous trouverez <a href=\"https:\/\/stadtmuseum-radolfzell.de\/wp-content\/uploads\/sites\/2\/2019\/10\/Geschichte-des-Museums_neu.pdf\" target=\"_blank\" rel=\"noopener noreferrer\">ici<\/a> un petit aper\u00e7u de la tradition mus\u00e9ale de Radolfzell, vieille de plus de 100 ans.<\/p>\n<div class=\"container\">\n<div class=\"content\">\n<section id=\"startcontent\">\n<div class=\"row\">Pour que vous puissiez \u00e9galement visiter notre mus\u00e9e virtuellement, nous vous proposons sur la page <a href=\"https:\/\/stadtmuseum-radolfzell.de\/fr\/exposition-permanente\/\">Exposition permanente<\/a> une repr\u00e9sentation en 3D de notre maison avec de nombreux d\u00e9tails passionnants !<\/div>\n<\/section>\n<\/div>\n<div><\/div>\n<div class=\"content\">\n<section id=\"startcontent\">\n<h4 class=\"row\">Exposition sp\u00e9ciale<\/h4>\n<p class=\"row\">\u00c0 partir du 17 mai 2026, la prochaine exposition temporaire pr\u00e9sentera un kal\u00e9idoscope color\u00e9 sur l&rsquo;histoire de la ville, en commen\u00e7ant par le fondateur de la ville, l&rsquo;\u00e9v\u00eaque Ratold de V\u00e9rone, en passant par des vues de la ville et des b\u00e2timents disparus.<\/p>\n<\/section>\n<\/div>\n<\/div>\n<div><\/div>\n<div><\/div>\n<h4>P\u00e9dagogie et m\u00e9diation au mus\u00e9e<\/h4>\n<p>Un travail de m\u00e9diation vivant est tr\u00e8s important pour nous. Consultez notre programme actuel d&rsquo;\u00e9v\u00e9nements <a href=\"https:\/\/stadtmuseum-radolfzell.de\/wp-content\/uploads\/sites\/2\/2026\/04\/Programm_April_August_2026.pdf\">Programme_Avril_Ao\u00fbt_2026<\/a><\/p>\n<h4>Votre aide est requise !<\/h4>\n<div id=\"attachment_25254\" style=\"width: 246px\" class=\"wp-caption alignright\"><img loading=\"lazy\" decoding=\"async\" aria-describedby=\"caption-attachment-25254\" class=\"wp-image-25254\" src=\"https:\/\/stadtmuseum-radolfzell.de\/wp-content\/uploads\/sites\/2\/2024\/09\/IMG_2773_beschnitten-150x150.jpg\" alt=\"\" width=\"236\" height=\"236\" srcset=\"https:\/\/stadtmuseum-radolfzell.de\/wp-content\/uploads\/sites\/2\/2024\/09\/IMG_2773_beschnitten-150x150.jpg 150w, https:\/\/stadtmuseum-radolfzell.de\/wp-content\/uploads\/sites\/2\/2024\/09\/IMG_2773_beschnitten-400x400.jpg 400w\" sizes=\"auto, (max-width: 236px) 100vw, 236px\" \/><\/p>\n<p id=\"caption-attachment-25254\" class=\"wp-caption-text\">Photo : Mus\u00e9e municipal de Radolfzell<\/p>\n<\/div>\n<p>Le mus\u00e9e de la ville de Radolfzell a pour mission de pr\u00e9server les vestiges de l&rsquo;histoire de la ville pour l&rsquo;avenir. Il s&rsquo;agit notamment d&rsquo;objets qui ont \u00e9t\u00e9 fabriqu\u00e9s et utilis\u00e9s \u00e0 Radolfzell. De nombreux objets racontent une histoire sur la fa\u00e7on dont on vivait et travaillait autrefois \u00e0 Radolfzell. La collection du mus\u00e9e de la ville s&rsquo;enrichit constamment. Si vous souhaitez apporter votre contribution, vous pouvez vous adresser au mus\u00e9e municipal ou aux archives de la ville : <a href=\"mailto:museum@radolfzell.de\">museum@radolfzell.de<\/a>    <\/p>\n<p>&nbsp;<\/p>\n<h4>Voyage respectueux du climat  <img loading=\"lazy\" decoding=\"async\" class=\"wp-image-15039 alignright\" style=\"font-weight: 400\" src=\"https:\/\/stadtmuseum-radolfzell.de\/wp-content\/uploads\/sites\/2\/2022\/07\/Klimalogo_Radolfzell_CMYK-300x125.jpg\" alt=\"\" width=\"206\" height=\"86\" srcset=\"https:\/\/stadtmuseum-radolfzell.de\/wp-content\/uploads\/sites\/2\/2022\/07\/Klimalogo_Radolfzell_CMYK-300x125.jpg 300w, https:\/\/stadtmuseum-radolfzell.de\/wp-content\/uploads\/sites\/2\/2022\/07\/Klimalogo_Radolfzell_CMYK-1024x427.jpg 1024w, https:\/\/stadtmuseum-radolfzell.de\/wp-content\/uploads\/sites\/2\/2022\/07\/Klimalogo_Radolfzell_CMYK-768x320.jpg 768w, https:\/\/stadtmuseum-radolfzell.de\/wp-content\/uploads\/sites\/2\/2022\/07\/Klimalogo_Radolfzell_CMYK-1536x640.jpg 1536w, https:\/\/stadtmuseum-radolfzell.de\/wp-content\/uploads\/sites\/2\/2022\/07\/Klimalogo_Radolfzell_CMYK-250x104.jpg 250w, https:\/\/stadtmuseum-radolfzell.de\/wp-content\/uploads\/sites\/2\/2022\/07\/Klimalogo_Radolfzell_CMYK-550x229.jpg 550w, https:\/\/stadtmuseum-radolfzell.de\/wp-content\/uploads\/sites\/2\/2022\/07\/Klimalogo_Radolfzell_CMYK-800x333.jpg 800w, https:\/\/stadtmuseum-radolfzell.de\/wp-content\/uploads\/sites\/2\/2022\/07\/Klimalogo_Radolfzell_CMYK-432x180.jpg 432w, https:\/\/stadtmuseum-radolfzell.de\/wp-content\/uploads\/sites\/2\/2022\/07\/Klimalogo_Radolfzell_CMYK-720x300.jpg 720w, https:\/\/stadtmuseum-radolfzell.de\/wp-content\/uploads\/sites\/2\/2022\/07\/Klimalogo_Radolfzell_CMYK-1200x500.jpg 1200w, https:\/\/stadtmuseum-radolfzell.de\/wp-content\/uploads\/sites\/2\/2022\/07\/Klimalogo_Radolfzell_CMYK.jpg 1749w\" sizes=\"auto, (max-width: 206px) 100vw, 206px\" \/><img loading=\"lazy\" decoding=\"async\" class=\"wp-image-15035 alignright\" src=\"https:\/\/stadtmuseum-radolfzell.de\/wp-content\/uploads\/sites\/2\/2022\/07\/bwegt_PLUS_positiv_RGB-300x139.jpg\" alt=\"\" width=\"237\" height=\"110\" srcset=\"https:\/\/stadtmuseum-radolfzell.de\/wp-content\/uploads\/sites\/2\/2022\/07\/bwegt_PLUS_positiv_RGB-300x139.jpg 300w, https:\/\/stadtmuseum-radolfzell.de\/wp-content\/uploads\/sites\/2\/2022\/07\/bwegt_PLUS_positiv_RGB-1024x474.jpg 1024w, https:\/\/stadtmuseum-radolfzell.de\/wp-content\/uploads\/sites\/2\/2022\/07\/bwegt_PLUS_positiv_RGB-768x355.jpg 768w, https:\/\/stadtmuseum-radolfzell.de\/wp-content\/uploads\/sites\/2\/2022\/07\/bwegt_PLUS_positiv_RGB-1536x710.jpg 1536w, https:\/\/stadtmuseum-radolfzell.de\/wp-content\/uploads\/sites\/2\/2022\/07\/bwegt_PLUS_positiv_RGB-2048x947.jpg 2048w, https:\/\/stadtmuseum-radolfzell.de\/wp-content\/uploads\/sites\/2\/2022\/07\/bwegt_PLUS_positiv_RGB-250x116.jpg 250w, https:\/\/stadtmuseum-radolfzell.de\/wp-content\/uploads\/sites\/2\/2022\/07\/bwegt_PLUS_positiv_RGB-550x254.jpg 550w, https:\/\/stadtmuseum-radolfzell.de\/wp-content\/uploads\/sites\/2\/2022\/07\/bwegt_PLUS_positiv_RGB-800x370.jpg 800w, https:\/\/stadtmuseum-radolfzell.de\/wp-content\/uploads\/sites\/2\/2022\/07\/bwegt_PLUS_positiv_RGB-389x180.jpg 389w, https:\/\/stadtmuseum-radolfzell.de\/wp-content\/uploads\/sites\/2\/2022\/07\/bwegt_PLUS_positiv_RGB-649x300.jpg 649w, https:\/\/stadtmuseum-radolfzell.de\/wp-content\/uploads\/sites\/2\/2022\/07\/bwegt_PLUS_positiv_RGB-1081x500.jpg 1081w\" sizes=\"auto, (max-width: 237px) 100vw, 237px\" \/><\/h4>\n<p>Le mus\u00e9e municipal de Radolfzell est partenaire du r\u00e9seau bwegtPlus : apr\u00e8s votre arriv\u00e9e par les transports en commun, pr\u00e9sentez \u00e0 notre caisse votre ticket bwtarif, votre ticket vacances scolaires, votre ticket jeunesseBW ou votre ticket Allemagne du jour et vous b\u00e9n\u00e9ficierez d&rsquo;une entr\u00e9e au mus\u00e9e \u00e0 prix r\u00e9duit. Voyager en respectant le climat en vaut la peine !<br \/>\nPlus d&rsquo;informations sur <a href=\"http:\/\/bwegt.de\/bwegtplus\" target=\"_blank\" rel=\"noopener\">http:\/\/bwegt.de\/bwegtplus<\/a><\/p>\n<p>&nbsp;<\/p>\n<p>&nbsp;<\/p>\n<p><strong><a href=\"https:\/\/stadtmuseum-radolfzell.de\/wp-content\/uploads\/sites\/2\/2022\/01\/Eintrittspreise-ab-2022.pdf\" target=\"_blank\" rel=\"noopener\">Prix d&rsquo;entr\u00e9e<\/a><\/strong><\/p>\n<p>&nbsp;<\/p>\n<p>Links:<\/p>\n<p><a href=\"https:\/\/www.fv-museum-radolfzell.de\/\" target=\"_blank\" rel=\"noopener noreferrer\">Association de promotion du mus\u00e9e et de l&rsquo;histoire de la ville de Radolfzell<\/a><\/p>\n<p><a href=\"http:\/\/stolpersteine-radolfzell.de\/\" target=\"_blank\" rel=\"noopener noreferrer\">Pierres d&rsquo;achoppement \u00e0 Radolfzell<\/a><\/p>\n<p><a href=\"https:\/\/diemuseen.org\/\" target=\"_blank\" rel=\"noopener noreferrer\">Mus\u00e9es et ch\u00e2teaux Euregio Bodensee e. V.<\/a><\/p>\n<p><a href=\"http:\/\/www.apothekenmuseen.de\/\" target=\"_blank\" rel=\"noopener noreferrer\">Mus\u00e9es de la pharmacie<\/a><\/p>\n<p><a href=\"https:\/\/www.landesstelle.de\/museen-in-baden-wuerttemberg\/\" target=\"_blank\" rel=\"noopener noreferrer\">Mus\u00e9es et expositions dans le Bade-Wurtemberg<\/a><\/p>\n<p><a href=\"https:\/\/www.museum.de\/\" target=\"_blank\" rel=\"noopener noreferrer\">Portail des mus\u00e9es allemands<\/a><\/p>\n","protected":false},"excerpt":{"rendered":"<p>&nbsp; Exposition permanente D\u00e9couvrez l&rsquo;histoire vivante de Radolfzell dans l&rsquo;ancienne pharmacie de la ville ! Le b\u00e2timent historique datant de [&hellip;]<\/p>\n","protected":false},"author":1,"featured_media":0,"parent":0,"menu_order":0,"comment_status":"closed","ping_status":"closed","template":"start-page.php","meta":{"_price":"","_stock":"","_tribe_ticket_header":"","_tribe_default_ticket_provider":"","_ticket_start_date":"","_ticket_end_date":"","_tribe_ticket_show_description":"","_tribe_ticket_show_not_going":false,"_tribe_ticket_use_global_stock":"","_tribe_ticket_global_stock_level":"","_global_stock_mode":"","_global_stock_cap":"","_tribe_rsvp_for_event":"","_tribe_ticket_going_count":"","_tribe_ticket_not_going_count":"","_tribe_tickets_list":"[]","_tribe_ticket_has_attendee_info_fields":false,"footnotes":""},"class_list":["post-19653","page","type-page","status-publish","hentry"],"yoast_head":"<!-- This site is optimized with the Yoast SEO plugin v26.7 - https:\/\/yoast.com\/wordpress\/plugins\/seo\/ -->\n<title>Page d&#039;accueil | Stadtmuseum Radolfzell<\/title>\n<meta name=\"description\" content=\"Site officiel du mus\u00e9e municipal de Radolfzell : toutes les informations sur les horaires d&#039;ouverture, les expositions temporaires et permanentes actuelles et les prix d&#039;entr\u00e9e.\" \/>\n<meta name=\"robots\" content=\"index, follow, max-snippet:-1, max-image-preview:large, max-video-preview:-1\" \/>\n<link rel=\"canonical\" href=\"https:\/\/stadtmuseum-radolfzell.de\/fr\/\" \/>\n<meta property=\"og:locale\" content=\"fr_FR\" \/>\n<meta property=\"og:type\" content=\"article\" \/>\n<meta property=\"og:title\" content=\"Page d&#039;accueil | Stadtmuseum Radolfzell\" \/>\n<meta property=\"og:description\" content=\"Site officiel du mus\u00e9e municipal de Radolfzell : toutes les informations sur les horaires d&#039;ouverture, les expositions temporaires et permanentes actuelles et les prix d&#039;entr\u00e9e.\" \/>\n<meta property=\"og:url\" content=\"https:\/\/stadtmuseum-radolfzell.de\/fr\/\" \/>\n<meta property=\"og:site_name\" content=\"Stadtmuseum\" \/>\n<meta property=\"article:modified_time\" content=\"2026-04-14T12:19:48+00:00\" \/>\n<meta property=\"og:image\" content=\"https:\/\/stadtmuseum-radolfzell.de\/wp-content\/uploads\/sites\/2\/2024\/09\/IMG_2773_beschnitten-scaled.jpg\" \/>\n\t<meta property=\"og:image:width\" content=\"2560\" \/>\n\t<meta property=\"og:image:height\" content=\"2227\" \/>\n\t<meta property=\"og:image:type\" content=\"image\/jpeg\" \/>\n<meta name=\"twitter:card\" content=\"summary_large_image\" \/>\n<meta name=\"twitter:label1\" content=\"Dur\u00e9e de lecture estim\u00e9e\" \/>\n\t<meta name=\"twitter:data1\" content=\"2 minutes\" \/>\n<script type=\"application\/ld+json\" class=\"yoast-schema-graph\">{\"@context\":\"https:\/\/schema.org\",\"@graph\":[{\"@type\":\"WebPage\",\"@id\":\"https:\/\/stadtmuseum-radolfzell.de\/fr\/\",\"url\":\"https:\/\/stadtmuseum-radolfzell.de\/fr\/\",\"name\":\"Page d'accueil | Stadtmuseum Radolfzell\",\"isPartOf\":{\"@id\":\"https:\/\/stadtmuseum-radolfzell.de\/fr\/#website\"},\"primaryImageOfPage\":{\"@id\":\"https:\/\/stadtmuseum-radolfzell.de\/fr\/#primaryimage\"},\"image\":{\"@id\":\"https:\/\/stadtmuseum-radolfzell.de\/fr\/#primaryimage\"},\"thumbnailUrl\":\"https:\/\/stadtmuseum-radolfzell.de\/wp-content\/uploads\/sites\/2\/2024\/09\/IMG_2773_beschnitten-150x150.jpg\",\"datePublished\":\"2018-12-10T21:04:30+00:00\",\"dateModified\":\"2026-04-14T12:19:48+00:00\",\"description\":\"Site officiel du mus\u00e9e municipal de Radolfzell : toutes les informations sur les horaires d'ouverture, les expositions temporaires et permanentes actuelles et les prix d'entr\u00e9e.\",\"breadcrumb\":{\"@id\":\"https:\/\/stadtmuseum-radolfzell.de\/fr\/#breadcrumb\"},\"inLanguage\":\"fr-FR\",\"potentialAction\":[{\"@type\":\"ReadAction\",\"target\":[\"https:\/\/stadtmuseum-radolfzell.de\/fr\/\"]}]},{\"@type\":\"ImageObject\",\"inLanguage\":\"fr-FR\",\"@id\":\"https:\/\/stadtmuseum-radolfzell.de\/fr\/#primaryimage\",\"url\":\"https:\/\/stadtmuseum-radolfzell.de\/wp-content\/uploads\/sites\/2\/2024\/09\/IMG_2773_beschnitten-150x150.jpg\",\"contentUrl\":\"https:\/\/stadtmuseum-radolfzell.de\/wp-content\/uploads\/sites\/2\/2024\/09\/IMG_2773_beschnitten-150x150.jpg\"},{\"@type\":\"BreadcrumbList\",\"@id\":\"https:\/\/stadtmuseum-radolfzell.de\/fr\/#breadcrumb\",\"itemListElement\":[{\"@type\":\"ListItem\",\"position\":1,\"name\":\"Startseite\",\"item\":\"https:\/\/stadtmuseum-radolfzell.de\/fr\/page-daccueil\/\"},{\"@type\":\"ListItem\",\"position\":2,\"name\":\"Page d&rsquo;accueil\"}]},{\"@type\":\"WebSite\",\"@id\":\"https:\/\/stadtmuseum-radolfzell.de\/fr\/#website\",\"url\":\"https:\/\/stadtmuseum-radolfzell.de\/fr\/\",\"name\":\"Stadtmuseum\",\"description\":\"Kultur Radolfzell Website\",\"publisher\":{\"@id\":\"https:\/\/stadtmuseum-radolfzell.de\/fr\/#organization\"},\"potentialAction\":[{\"@type\":\"SearchAction\",\"target\":{\"@type\":\"EntryPoint\",\"urlTemplate\":\"https:\/\/stadtmuseum-radolfzell.de\/fr\/?s={search_term_string}\"},\"query-input\":{\"@type\":\"PropertyValueSpecification\",\"valueRequired\":true,\"valueName\":\"search_term_string\"}}],\"inLanguage\":\"fr-FR\"},{\"@type\":\"Organization\",\"@id\":\"https:\/\/stadtmuseum-radolfzell.de\/fr\/#organization\",\"name\":\"Stadtmuseum Radolfzell\",\"url\":\"https:\/\/stadtmuseum-radolfzell.de\/fr\/\",\"logo\":{\"@type\":\"ImageObject\",\"inLanguage\":\"fr-FR\",\"@id\":\"https:\/\/stadtmuseum-radolfzell.de\/fr\/#\/schema\/logo\/image\/\",\"url\":\"https:\/\/stadtmuseum-radolfzell.de\/wp-content\/uploads\/sites\/2\/2019\/10\/KULTUR_RZ_Museum_logo_quer_CMYK.png\",\"contentUrl\":\"https:\/\/stadtmuseum-radolfzell.de\/wp-content\/uploads\/sites\/2\/2019\/10\/KULTUR_RZ_Museum_logo_quer_CMYK.png\",\"width\":4963,\"height\":3508,\"caption\":\"Stadtmuseum Radolfzell\"},\"image\":{\"@id\":\"https:\/\/stadtmuseum-radolfzell.de\/fr\/#\/schema\/logo\/image\/\"}}]}<\/script>\n<!-- \/ Yoast SEO plugin. -->","yoast_head_json":{"title":"Page d'accueil | Stadtmuseum Radolfzell","description":"Site officiel du mus\u00e9e municipal de Radolfzell : toutes les informations sur les horaires d'ouverture, les expositions temporaires et permanentes actuelles et les prix d'entr\u00e9e.","robots":{"index":"index","follow":"follow","max-snippet":"max-snippet:-1","max-image-preview":"max-image-preview:large","max-video-preview":"max-video-preview:-1"},"canonical":"https:\/\/stadtmuseum-radolfzell.de\/fr\/","og_locale":"fr_FR","og_type":"article","og_title":"Page d'accueil | Stadtmuseum Radolfzell","og_description":"Site officiel du mus\u00e9e municipal de Radolfzell : toutes les informations sur les horaires d'ouverture, les expositions temporaires et permanentes actuelles et les prix d'entr\u00e9e.","og_url":"https:\/\/stadtmuseum-radolfzell.de\/fr\/","og_site_name":"Stadtmuseum","article_modified_time":"2026-04-14T12:19:48+00:00","og_image":[{"width":2560,"height":2227,"url":"https:\/\/stadtmuseum-radolfzell.de\/wp-content\/uploads\/sites\/2\/2024\/09\/IMG_2773_beschnitten-scaled.jpg","type":"image\/jpeg"}],"twitter_card":"summary_large_image","twitter_misc":{"Dur\u00e9e de lecture estim\u00e9e":"2 minutes"},"schema":{"@context":"https:\/\/schema.org","@graph":[{"@type":"WebPage","@id":"https:\/\/stadtmuseum-radolfzell.de\/fr\/","url":"https:\/\/stadtmuseum-radolfzell.de\/fr\/","name":"Page d'accueil | Stadtmuseum Radolfzell","isPartOf":{"@id":"https:\/\/stadtmuseum-radolfzell.de\/fr\/#website"},"primaryImageOfPage":{"@id":"https:\/\/stadtmuseum-radolfzell.de\/fr\/#primaryimage"},"image":{"@id":"https:\/\/stadtmuseum-radolfzell.de\/fr\/#primaryimage"},"thumbnailUrl":"https:\/\/stadtmuseum-radolfzell.de\/wp-content\/uploads\/sites\/2\/2024\/09\/IMG_2773_beschnitten-150x150.jpg","datePublished":"2018-12-10T21:04:30+00:00","dateModified":"2026-04-14T12:19:48+00:00","description":"Site officiel du mus\u00e9e municipal de Radolfzell : toutes les informations sur les horaires d'ouverture, les expositions temporaires et permanentes actuelles et les prix d'entr\u00e9e.","breadcrumb":{"@id":"https:\/\/stadtmuseum-radolfzell.de\/fr\/#breadcrumb"},"inLanguage":"fr-FR","potentialAction":[{"@type":"ReadAction","target":["https:\/\/stadtmuseum-radolfzell.de\/fr\/"]}]},{"@type":"ImageObject","inLanguage":"fr-FR","@id":"https:\/\/stadtmuseum-radolfzell.de\/fr\/#primaryimage","url":"https:\/\/stadtmuseum-radolfzell.de\/wp-content\/uploads\/sites\/2\/2024\/09\/IMG_2773_beschnitten-150x150.jpg","contentUrl":"https:\/\/stadtmuseum-radolfzell.de\/wp-content\/uploads\/sites\/2\/2024\/09\/IMG_2773_beschnitten-150x150.jpg"},{"@type":"BreadcrumbList","@id":"https:\/\/stadtmuseum-radolfzell.de\/fr\/#breadcrumb","itemListElement":[{"@type":"ListItem","position":1,"name":"Startseite","item":"https:\/\/stadtmuseum-radolfzell.de\/fr\/page-daccueil\/"},{"@type":"ListItem","position":2,"name":"Page d&rsquo;accueil"}]},{"@type":"WebSite","@id":"https:\/\/stadtmuseum-radolfzell.de\/fr\/#website","url":"https:\/\/stadtmuseum-radolfzell.de\/fr\/","name":"Stadtmuseum","description":"Kultur Radolfzell Website","publisher":{"@id":"https:\/\/stadtmuseum-radolfzell.de\/fr\/#organization"},"potentialAction":[{"@type":"SearchAction","target":{"@type":"EntryPoint","urlTemplate":"https:\/\/stadtmuseum-radolfzell.de\/fr\/?s={search_term_string}"},"query-input":{"@type":"PropertyValueSpecification","valueRequired":true,"valueName":"search_term_string"}}],"inLanguage":"fr-FR"},{"@type":"Organization","@id":"https:\/\/stadtmuseum-radolfzell.de\/fr\/#organization","name":"Stadtmuseum Radolfzell","url":"https:\/\/stadtmuseum-radolfzell.de\/fr\/","logo":{"@type":"ImageObject","inLanguage":"fr-FR","@id":"https:\/\/stadtmuseum-radolfzell.de\/fr\/#\/schema\/logo\/image\/","url":"https:\/\/stadtmuseum-radolfzell.de\/wp-content\/uploads\/sites\/2\/2019\/10\/KULTUR_RZ_Museum_logo_quer_CMYK.png","contentUrl":"https:\/\/stadtmuseum-radolfzell.de\/wp-content\/uploads\/sites\/2\/2019\/10\/KULTUR_RZ_Museum_logo_quer_CMYK.png","width":4963,"height":3508,"caption":"Stadtmuseum Radolfzell"},"image":{"@id":"https:\/\/stadtmuseum-radolfzell.de\/fr\/#\/schema\/logo\/image\/"}}]}},"_links":{"self":[{"href":"https:\/\/stadtmuseum-radolfzell.de\/fr\/wp-json\/wp\/v2\/pages\/19653","targetHints":{"allow":["GET"]}}],"collection":[{"href":"https:\/\/stadtmuseum-radolfzell.de\/fr\/wp-json\/wp\/v2\/pages"}],"about":[{"href":"https:\/\/stadtmuseum-radolfzell.de\/fr\/wp-json\/wp\/v2\/types\/page"}],"author":[{"embeddable":true,"href":"https:\/\/stadtmuseum-radolfzell.de\/fr\/wp-json\/wp\/v2\/users\/1"}],"replies":[{"embeddable":true,"href":"https:\/\/stadtmuseum-radolfzell.de\/fr\/wp-json\/wp\/v2\/comments?post=19653"}],"version-history":[{"count":38,"href":"https:\/\/stadtmuseum-radolfzell.de\/fr\/wp-json\/wp\/v2\/pages\/19653\/revisions"}],"predecessor-version":[{"id":73223,"href":"https:\/\/stadtmuseum-radolfzell.de\/fr\/wp-json\/wp\/v2\/pages\/19653\/revisions\/73223"}],"wp:attachment":[{"href":"https:\/\/stadtmuseum-radolfzell.de\/fr\/wp-json\/wp\/v2\/media?parent=19653"}],"curies":[{"name":"wp","href":"https:\/\/api.w.org\/{rel}","templated":true}]}}